{"id":1615,"date":"2023-05-26T13:39:17","date_gmt":"2023-05-26T11:39:17","guid":{"rendered":"https:\/\/ginebrashoes.com\/?page_id=1615"},"modified":"2024-07-03T13:42:48","modified_gmt":"2024-07-03T11:42:48","slug":"opiniones","status":"publish","type":"page","link":"https:\/\/ginebrashoes.com\/ca\/opiniones\/","title":{"rendered":"Vistes"},"content":{"rendered":"<style>.kb-row-layout-id_f32608-31 > .kt-row-column-wrap{align-content:start;}:where(.kb-row-layout-id_f32608-31 > .kt-row-column-wrap) > .wp-block-kadence-column{justify-content:start;}.kb-row-layout-id_f32608-31 > .kt-row-column-wrap{column-gap:var(--global-kb-gap-md, 2rem);row-gap:var(--global-kb-gap-md, 2rem);max-width:var( --global-content-width, 1290px );padding-left:var(--global-content-edge-padding);padding-right:var(--global-content-edge-padding);padding-top:40px;padding-bottom:50px;grid-template-columns:minmax(0, 1fr);}.kb-row-layout-id_f32608-31{background-image:url('https:\/\/wordpress-966444-3378975.cloudwaysapps.com\/wp-content\/uploads\/2022\/02\/lines.png');background-size:cover;background-position:center center;background-attachment:scroll;background-repeat:no-repeat;}.kb-row-layout-id_f32608-31 > .kt-row-layout-overlay{opacity:0.30;}@media all and (max-width: 1024px){.kb-row-layout-id_f32608-31 > .kt-row-column-wrap{grid-template-columns:minmax(0, 1fr);}}@media all and (max-width: 767px){.kb-row-layout-id_f32608-31 > .kt-row-column-wrap{grid-template-columns:minmax(0, 1fr);}}<\/style><div class=\"kb-row-layout-wrap kb-row-layout-id_f32608-31 alignnone has-theme-palette8-background-color kt-row-has-bg wp-block-kadence-rowlayout\"><div class=\"kt-row-column-wrap kt-has-1-columns kt-row-layout-equal kt-tab-layout-inherit kt-mobile-layout-row kt-row-valign-top kb-theme-content-width\">\n<style>.kadence-column_3b6241-28 > .kt-inside-inner-col,.kadence-column_3b6241-28 > .kt-inside-inner-col:before{border-top-left-radius:0px;border-top-right-radius:0px;border-bottom-right-radius:0px;border-bottom-left-radius:0px;}.kadence-column_3b6241-28 > .kt-inside-inner-col{column-gap:var(--global-kb-gap-sm, 1rem);}.kadence-column_3b6241-28 > .kt-inside-inner-col{flex-direction:column;}.kadence-column_3b6241-28 > .kt-inside-inner-col > .aligncenter{width:100%;}.kadence-column_3b6241-28 > .kt-inside-inner-col:before{opacity:0.3;}.kadence-column_3b6241-28{position:relative;}@media all and (max-width: 1024px){.kadence-column_3b6241-28 > .kt-inside-inner-col{flex-direction:column;justify-content:center;}}@media all and (max-width: 767px){.kadence-column_3b6241-28 > .kt-inside-inner-col{flex-direction:column;justify-content:center;}}<\/style>\n<div class=\"wp-block-kadence-column kadence-column_3b6241-28 inner-column-1\"><div class=\"kt-inside-inner-col\"><style>.wp-block-kadence-advancedheading.kt-adv-heading_7ed1c0-0b, .wp-block-kadence-advancedheading.kt-adv-heading_7ed1c0-0b[data-kb-block=\"kb-adv-heading_7ed1c0-0b\"]{margin-bottom:-80px;text-align:center;font-size:100px;line-height:1em;font-style:normal;}.wp-block-kadence-advancedheading.kt-adv-heading_7ed1c0-0b mark.kt-highlight, .wp-block-kadence-advancedheading.kt-adv-heading_7ed1c0-0b[data-kb-block=\"kb-adv-heading_7ed1c0-0b\"] mark.kt-highlight{font-style:normal;color:#f76a0c;-webkit-box-decoration-break:clone;box-decoration-break:clone;padding-top:0px;padding-right:0px;padding-bottom:0px;padding-left:0px;}.wp-block-kadence-advancedheading.kt-adv-heading_7ed1c0-0b img.kb-inline-image, .wp-block-kadence-advancedheading.kt-adv-heading_7ed1c0-0b[data-kb-block=\"kb-adv-heading_7ed1c0-0b\"] img.kb-inline-image{width:150px;vertical-align:baseline;}<\/style>\n<h1 class=\"kt-adv-heading_7ed1c0-0b wp-block-kadence-advancedheading has-theme-palette-9-color has-text-color\" data-kb-block=\"kb-adv-heading_7ed1c0-0b\">O<\/h1>\n\n\n<style>.wp-block-kadence-advancedheading.kt-adv-heading_6fb73c-40, .wp-block-kadence-advancedheading.kt-adv-heading_6fb73c-40[data-kb-block=\"kb-adv-heading_6fb73c-40\"]{padding-top:0px;margin-top:0px;text-align:center;font-style:normal;}.wp-block-kadence-advancedheading.kt-adv-heading_6fb73c-40 mark.kt-highlight, .wp-block-kadence-advancedheading.kt-adv-heading_6fb73c-40[data-kb-block=\"kb-adv-heading_6fb73c-40\"] mark.kt-highlight{font-style:normal;color:#f76a0c;-webkit-box-decoration-break:clone;box-decoration-break:clone;padding-top:0px;padding-right:0px;padding-bottom:0px;padding-left:0px;}.wp-block-kadence-advancedheading.kt-adv-heading_6fb73c-40 img.kb-inline-image, .wp-block-kadence-advancedheading.kt-adv-heading_6fb73c-40[data-kb-block=\"kb-adv-heading_6fb73c-40\"] img.kb-inline-image{width:150px;vertical-align:baseline;}@media all and (max-width: 767px){.wp-block-kadence-advancedheading.kt-adv-heading_6fb73c-40, .wp-block-kadence-advancedheading.kt-adv-heading_6fb73c-40[data-kb-block=\"kb-adv-heading_6fb73c-40\"]{padding-right:0px;padding-left:0px;margin-right:0px;margin-left:0px;font-size:30px;}}<\/style>\n<h2 class=\"kt-adv-heading_6fb73c-40 wp-block-kadence-advancedheading\" data-kb-block=\"kb-adv-heading_6fb73c-40\">Vistes<\/h2>\n\n\n\n<p class=\"has-text-align-center\">Estem orgullosos de rebre comentaris positius que subratllen la qualitat dels nostres productes, servei al client i l&#039;experi\u00e8ncia de compra. Aquests comentaris motivar-nos a continuar oferint el millor en la moda de les dones i proporcionar un servei excepcional.<\/p>\n<\/div><\/div>\n\n<\/div><\/div>\n\n<style>.kb-row-layout-id_5f4eb2-68 > .kt-row-column-wrap{align-content:start;}:where(.kb-row-layout-id_5f4eb2-68 > .kt-row-column-wrap) > .wp-block-kadence-column{justify-content:start;}.kb-row-layout-id_5f4eb2-68 > .kt-row-column-wrap{column-gap:var(--global-kb-gap-md, 2rem);row-gap:var(--global-kb-gap-md, 2rem);max-width:var( --global-content-width, 1290px );padding-left:var(--global-content-edge-padding);padding-right:var(--global-content-edge-padding);padding-top:42px;padding-bottom:49px;grid-template-columns:minmax(0, calc(40% - ((var(--global-kb-gap-md, 2rem) * 1 )\/2)))minmax(0, calc(60% - ((var(--global-kb-gap-md, 2rem) * 1 )\/2)));}.kb-row-layout-id_5f4eb2-68 > .kt-row-layout-overlay{opacity:0.30;}@media all and (max-width: 1024px){.kb-row-layout-id_5f4eb2-68 > .kt-row-column-wrap{grid-template-columns:repeat(2, minmax(0, 1fr));}}@media all and (max-width: 767px){.kb-row-layout-id_5f4eb2-68 > .kt-row-column-wrap{grid-template-columns:minmax(0, 1fr);}}<\/style><div class=\"kb-row-layout-wrap kb-row-layout-id_5f4eb2-68 alignnone wp-block-kadence-rowlayout\"><div class=\"kt-row-column-wrap kt-has-2-columns kt-row-layout-equal kt-tab-layout-inherit kt-mobile-layout-row kt-row-valign-top kb-theme-content-width\">\n<style>.kadence-column_23f340-bc > .kt-inside-inner-col,.kadence-column_23f340-bc > .kt-inside-inner-col:before{border-top-left-radius:0px;border-top-right-radius:0px;border-bottom-right-radius:0px;border-bottom-left-radius:0px;}.kadence-column_23f340-bc > .kt-inside-inner-col{column-gap:var(--global-kb-gap-sm, 1rem);}.kadence-column_23f340-bc > .kt-inside-inner-col{flex-direction:column;}.kadence-column_23f340-bc > .kt-inside-inner-col > .aligncenter{width:100%;}.kadence-column_23f340-bc > .kt-inside-inner-col:before{opacity:0.3;}.kadence-column_23f340-bc{position:relative;}@media all and (max-width: 1024px){.kadence-column_23f340-bc > .kt-inside-inner-col{flex-direction:column;justify-content:center;}}@media all and (max-width: 767px){.kadence-column_23f340-bc > .kt-inside-inner-col{flex-direction:column;justify-content:center;}}<\/style>\n<div class=\"wp-block-kadence-column kadence-column_23f340-bc inner-column-1\"><div class=\"kt-inside-inner-col\"><style>.wp-block-kadence-advancedheading.kt-adv-heading_5b3103-35, .wp-block-kadence-advancedheading.kt-adv-heading_5b3103-35[data-kb-block=\"kb-adv-heading_5b3103-35\"]{display:block;margin-bottom:var(--global-kb-spacing-xs, 1rem);font-style:normal;text-transform:uppercase;}.wp-block-kadence-advancedheading.kt-adv-heading_5b3103-35 mark.kt-highlight, .wp-block-kadence-advancedheading.kt-adv-heading_5b3103-35[data-kb-block=\"kb-adv-heading_5b3103-35\"] mark.kt-highlight{font-style:normal;color:#f76a0c;-webkit-box-decoration-break:clone;box-decoration-break:clone;padding-top:0px;padding-right:0px;padding-bottom:0px;padding-left:0px;}.wp-block-kadence-advancedheading.kt-adv-heading_5b3103-35 img.kb-inline-image, .wp-block-kadence-advancedheading.kt-adv-heading_5b3103-35[data-kb-block=\"kb-adv-heading_5b3103-35\"] img.kb-inline-image{width:150px;vertical-align:baseline;}<\/style>\n<span class=\"kt-adv-heading_5b3103-35 wp-block-kadence-advancedheading has-theme-palette-1-color has-text-color\" data-kb-block=\"kb-adv-heading_5b3103-35\">vistes<\/span>\n\n\n<style>.wp-block-kadence-advancedheading.kt-adv-heading_e482ca-a2, .wp-block-kadence-advancedheading.kt-adv-heading_e482ca-a2[data-kb-block=\"kb-adv-heading_e482ca-a2\"]{margin-top:var(--global-kb-spacing-xs, 1rem);font-style:normal;}.wp-block-kadence-advancedheading.kt-adv-heading_e482ca-a2 mark.kt-highlight, .wp-block-kadence-advancedheading.kt-adv-heading_e482ca-a2[data-kb-block=\"kb-adv-heading_e482ca-a2\"] mark.kt-highlight{font-style:normal;color:#f76a0c;-webkit-box-decoration-break:clone;box-decoration-break:clone;padding-top:0px;padding-right:0px;padding-bottom:0px;padding-left:0px;}.wp-block-kadence-advancedheading.kt-adv-heading_e482ca-a2 img.kb-inline-image, .wp-block-kadence-advancedheading.kt-adv-heading_e482ca-a2[data-kb-block=\"kb-adv-heading_e482ca-a2\"] img.kb-inline-image{width:150px;vertical-align:baseline;}<\/style>\n<h2 class=\"kt-adv-heading_e482ca-a2 wp-block-kadence-advancedheading has-theme-palette-3-color has-text-color\" data-kb-block=\"kb-adv-heading_e482ca-a2\">els nostres clients<\/h2>\n\n\n<style>.wp-block-kadence-advancedbtn.kt-btns_e4241c-ac, .site .entry-content .wp-block-kadence-advancedbtn.kt-btns_e4241c-ac, .wp-block-kadence-advancedbtn.kb-btns_e4241c-ac, .site .entry-content .wp-block-kadence-advancedbtn.kb-btns_e4241c-ac{margin-top:20px;}.wp-block-kadence-advancedbtn.kb-btns_e4241c-ac{gap:var(--global-kb-gap-xs, 0.5rem );justify-content:flex-start;align-items:center;}.kt-btns_e4241c-ac .kt-button{font-weight:normal;font-style:normal;}<\/style>\n<div class=\"wp-block-kadence-advancedbtn kb-buttons-wrap kb-btns_e4241c-ac\"><style>ul.menu .wp-block-kadence-advancedbtn .kb-btn_1905e8-43.kb-button{width:initial;}<\/style><a class=\"kb-button kt-button button kb-btn_1905e8-43 kt-btn-size-standard kt-btn-width-type-auto kb-btn-global-inherit  kt-btn-has-text-true kt-btn-has-svg-false  wp-block-button__link wp-block-kadence-singlebtn\" href=\"https:\/\/ginebrashoes.com\/ca\/tu-opinion\/\"><span class=\"kt-btn-inner-text\">DEIXA LA TEVA OPINI\u00d3<\/span><\/a><\/div>\n<\/div><\/div>\n\n\n<style>.kadence-column_95af3c-2f > .kt-inside-inner-col{display:flex;}.kadence-column_95af3c-2f > .kt-inside-inner-col,.kadence-column_95af3c-2f > .kt-inside-inner-col:before{border-top-left-radius:0px;border-top-right-radius:0px;border-bottom-right-radius:0px;border-bottom-left-radius:0px;}.kadence-column_95af3c-2f > .kt-inside-inner-col{column-gap:var(--global-kb-gap-sm, 1rem);}.kadence-column_95af3c-2f > .kt-inside-inner-col{flex-direction:column;justify-content:center;}.kadence-column_95af3c-2f > .kt-inside-inner-col > .aligncenter{width:100%;}.kt-row-column-wrap > .kadence-column_95af3c-2f{align-self:center;}.kt-inner-column-height-full:not(.kt-has-1-columns) > .wp-block-kadence-column.kadence-column_95af3c-2f{align-self:auto;}.kt-inner-column-height-full:not(.kt-has-1-columns) > .wp-block-kadence-column.kadence-column_95af3c-2f > .kt-inside-inner-col{flex-direction:column;justify-content:center;}.kadence-column_95af3c-2f > .kt-inside-inner-col:before{opacity:0.3;}.kadence-column_95af3c-2f{position:relative;}@media all and (max-width: 1024px){.kt-row-column-wrap > .kadence-column_95af3c-2f{align-self:center;}}@media all and (max-width: 1024px){.kt-inner-column-height-full:not(.kt-has-1-columns) > .wp-block-kadence-column.kadence-column_95af3c-2f{align-self:auto;}}@media all and (max-width: 1024px){.kt-inner-column-height-full:not(.kt-has-1-columns) > .wp-block-kadence-column.kadence-column_95af3c-2f > .kt-inside-inner-col{flex-direction:column;justify-content:center;}}@media all and (max-width: 1024px){.kadence-column_95af3c-2f > .kt-inside-inner-col{flex-direction:column;justify-content:center;}}@media all and (max-width: 767px){.kt-row-column-wrap > .kadence-column_95af3c-2f{align-self:center;}.kt-inner-column-height-full:not(.kt-has-1-columns) > .wp-block-kadence-column.kadence-column_95af3c-2f{align-self:auto;}.kt-inner-column-height-full:not(.kt-has-1-columns) > .wp-block-kadence-column.kadence-column_95af3c-2f > .kt-inside-inner-col{flex-direction:column;justify-content:center;}.kadence-column_95af3c-2f > .kt-inside-inner-col{flex-direction:column;justify-content:center;}}<\/style>\n<div class=\"wp-block-kadence-column kadence-column_95af3c-2f inner-column-2\"><div class=\"kt-inside-inner-col\">\n<blockquote class=\"wp-block-quote is-layout-flow wp-block-quote-is-layout-flow\" style=\"font-size:rem\">\n<p style=\"font-size:rem\">L&#039;atenci\u00f3 \u00e9s molt bona per a la venda de cal\u00e7at per a tots els gustos.<\/p>\n<cite>Dolo Aviles (Usuari de Google)<\/cite><\/blockquote>\n<\/div><\/div>\n\n<\/div><\/div>\n\n<style>.kb-row-layout-id_0af5fb-f4 > .kt-row-column-wrap{align-content:start;}:where(.kb-row-layout-id_0af5fb-f4 > .kt-row-column-wrap) > .wp-block-kadence-column{justify-content:start;}.kb-row-layout-id_0af5fb-f4 > .kt-row-column-wrap{column-gap:var(--global-kb-gap-md, 2rem);row-gap:var(--global-kb-gap-md, 2rem);max-width:var( --global-content-width, 1290px );padding-left:var(--global-content-edge-padding);padding-right:var(--global-content-edge-padding);padding-top:80px;padding-bottom:60px;grid-template-columns:minmax(0, 1fr);}.kb-row-layout-id_0af5fb-f4 > .kt-row-layout-overlay{opacity:0.23;background-image:url('https:\/\/casaelpajaron.es\/wp-content\/uploads\/2021\/09\/patter-white.png');background-size:auto;background-position:center center;background-attachment:scroll;background-repeat:repeat;mix-blend-mode:overlay;}@media all and (max-width: 1024px){.kb-row-layout-id_0af5fb-f4 > .kt-row-column-wrap{grid-template-columns:minmax(0, 1fr);}}@media all and (max-width: 767px){.kb-row-layout-id_0af5fb-f4 > .kt-row-column-wrap{grid-template-columns:minmax(0, 1fr);}}<\/style><div class=\"kb-row-layout-wrap kb-row-layout-id_0af5fb-f4 alignnone kt-row-has-bg wp-block-kadence-rowlayout\"><div class=\"kt-row-layout-overlay kt-row-overlay-normal\"><\/div><div class=\"kt-row-column-wrap kt-has-1-columns kt-row-layout-equal kt-tab-layout-inherit kt-mobile-layout-row kt-row-valign-top kb-theme-content-width\">\n<style>.kadence-column_60f018-17 > .kt-inside-inner-col,.kadence-column_60f018-17 > .kt-inside-inner-col:before{border-top-left-radius:0px;border-top-right-radius:0px;border-bottom-right-radius:0px;border-bottom-left-radius:0px;}.kadence-column_60f018-17 > .kt-inside-inner-col{column-gap:var(--global-kb-gap-sm, 1rem);}.kadence-column_60f018-17 > .kt-inside-inner-col{flex-direction:column;}.kadence-column_60f018-17 > .kt-inside-inner-col > .aligncenter{width:100%;}.kadence-column_60f018-17 > .kt-inside-inner-col:before{opacity:0.3;}.kadence-column_60f018-17{position:relative;}@media all and (max-width: 1024px){.kadence-column_60f018-17 > .kt-inside-inner-col{flex-direction:column;justify-content:center;}}@media all and (max-width: 767px){.kadence-column_60f018-17 > .kt-inside-inner-col{flex-direction:column;justify-content:center;}}<\/style>\n<div class=\"wp-block-kadence-column kadence-column_60f018-17 inner-column-1\"><div class=\"kt-inside-inner-col\"><style>.wp-block-kadence-advancedheading.kt-adv-heading_8d22f9-f6, .wp-block-kadence-advancedheading.kt-adv-heading_8d22f9-f6[data-kb-block=\"kb-adv-heading_8d22f9-f6\"]{padding-bottom:30px;text-align:center;font-style:normal;}.wp-block-kadence-advancedheading.kt-adv-heading_8d22f9-f6 mark.kt-highlight, .wp-block-kadence-advancedheading.kt-adv-heading_8d22f9-f6[data-kb-block=\"kb-adv-heading_8d22f9-f6\"] mark.kt-highlight{font-style:normal;color:#f76a0c;-webkit-box-decoration-break:clone;box-decoration-break:clone;padding-top:0px;padding-right:0px;padding-bottom:0px;padding-left:0px;}.wp-block-kadence-advancedheading.kt-adv-heading_8d22f9-f6 img.kb-inline-image, .wp-block-kadence-advancedheading.kt-adv-heading_8d22f9-f6[data-kb-block=\"kb-adv-heading_8d22f9-f6\"] img.kb-inline-image{width:150px;vertical-align:baseline;}<\/style>\n<h2 class=\"kt-adv-heading_8d22f9-f6 wp-block-kadence-advancedheading has-theme-palette-3-color has-text-color\" data-kb-block=\"kb-adv-heading_8d22f9-f6\">Comentaris a Google<\/h2>\n\n\n<pre class=\"ti-widget\"><template id=\"trustindex-google-widget-html\"><div class=\"ti-widget  ti-goog ti-disable-font ti-show-rating-text ti-review-text-mode-readmore ti-text-align-left\" data-no-translation=\"true\" data-time-locale=\"hace %d %s|hoy|d\u00eda|d\u00edas|semana|semanas|mes|meses|a\u00f1o|a\u00f1os\" data-plugin-version=\"13.2.9\" data-layout-id=\"4\" data-layout-category=\"slider\" data-set-id=\"light-background\" data-pid=\"\" data-language=\"es\" data-close-locale=\"Cerca\" data-review-target-width=\"300\" data-css-version=\"2\" data-reply-by-locale=\"Respuesta del propietario\" data-only-rating-locale=\"Esta usuario solo dej\u00f3 una calificaci\u00f3n.\" data-pager-autoplay-timeout=\"6\"> <div class=\"ti-widget-container ti-col-3\"> <div class=\"ti-reviews-container\"> <div class=\"ti-controls\"> <div class=\"ti-next\" aria-label=\"Siguiente rese\u00f1a\" role=\"button\" tabindex=\"0\"><\/div> <div class=\"ti-prev\" aria-label=\"Rese\u00f1a anterior\" role=\"button\" tabindex=\"0\"><\/div> <\/div> <div class=\"ti-reviews-container-wrapper\">  <div data-empty=\"0\" data-time=\"1659830400\" class=\"ti-review-item source-Google ti-image-layout-thumbnail\" data-id=\"cfcd208495d565ef66e7dff9f98764da\"> <div class=\"ti-inner\"> <div class=\"ti-review-header\"> <div class=\"ti-platform-icon ti-with-tooltip\"> <span class=\"ti-tooltip\">Publicado en <\/span> <trustindex-image data-imgurl=\"https:\/\/cdn.trustindex.io\/assets\/platform\/Google\/icon.svg\" alt=\"\" width=\"20\" height=\"20\" loading=\"lazy\"><\/trustindex-image> <\/div> <div class=\"ti-profile-img\"> <trustindex-image data-imgurl=\"https:\/\/lh3.googleusercontent.com\/a-\/ACB-R5QVsy5wPjUd4qn7W_pip9Sh5Yynp2oQrhF069WpzyA=w40-h40-c-c-rp-w40-h40-mo-ba4-br100\" alt=\"Ester Pujol profile picture\" loading=\"lazy\"><\/trustindex-image> <\/div> <div class=\"ti-profile-details\"> <div class=\"ti-name\"> Ester Pujol <\/div> <div class=\"ti-date\"><\/div> <\/div> <\/div> <span class=\"ti-stars\"><trustindex-image class=\"ti-star\" data-imgurl=\"https:\/\/cdn.trustindex.io\/assets\/platform\/Google\/star\/f.svg\" alt=\"Google star 1\" width=\"17\" height=\"17\" loading=\"lazy\"><\/trustindex-image><trustindex-image class=\"ti-star\" data-imgurl=\"https:\/\/cdn.trustindex.io\/assets\/platform\/Google\/star\/f.svg\" alt=\"Google star 2\" width=\"17\" height=\"17\" loading=\"lazy\"><\/trustindex-image><trustindex-image class=\"ti-star\" data-imgurl=\"https:\/\/cdn.trustindex.io\/assets\/platform\/Google\/star\/f.svg\" alt=\"Google star 3\" width=\"17\" height=\"17\" loading=\"lazy\"><\/trustindex-image><trustindex-image class=\"ti-star\" data-imgurl=\"https:\/\/cdn.trustindex.io\/assets\/platform\/Google\/star\/f.svg\" alt=\"Google star 4\" width=\"17\" height=\"17\" loading=\"lazy\"><\/trustindex-image><trustindex-image class=\"ti-star\" data-imgurl=\"https:\/\/cdn.trustindex.io\/assets\/platform\/Google\/star\/f.svg\" alt=\"Google star 5\" width=\"17\" height=\"17\" loading=\"lazy\"><\/trustindex-image><\/span> <div class=\"ti-review-text-container ti-review-content\"><!-- R-CONTENT -->Tracten molt b\u00e9<!-- R-CONTENT --><\/div> <span class=\"ti-read-more\" data-container=\".ti-review-content\" data-collapse-text=\"Ocultar\" data-open-text=\"Leer m\u00e1s\"><\/span> <\/div> <\/div>  <div data-empty=\"0\" data-time=\"1633824000\" class=\"ti-review-item source-Google ti-image-layout-thumbnail\" data-id=\"cfcd208495d565ef66e7dff9f98764da\"> <div class=\"ti-inner\"> <div class=\"ti-review-header\"> <div class=\"ti-platform-icon ti-with-tooltip\"> <span class=\"ti-tooltip\">Publicado en <\/span> <trustindex-image data-imgurl=\"https:\/\/cdn.trustindex.io\/assets\/platform\/Google\/icon.svg\" alt=\"\" width=\"20\" height=\"20\" loading=\"lazy\"><\/trustindex-image> <\/div> <div class=\"ti-profile-img\"> <trustindex-image data-imgurl=\"https:\/\/lh3.googleusercontent.com\/a-\/ACB-R5QKKfWH7wA9wM4NnzMoFF8B6aAkHQte2qK759GaRg=w40-h40-c-c-rp-w40-h40-mo-ba4-br100\" alt=\"anna masia profile picture\" loading=\"lazy\"><\/trustindex-image> <\/div> <div class=\"ti-profile-details\"> <div class=\"ti-name\"> anna masia <\/div> <div class=\"ti-date\"><\/div> <\/div> <\/div> <span class=\"ti-stars\"><trustindex-image class=\"ti-star\" data-imgurl=\"https:\/\/cdn.trustindex.io\/assets\/platform\/Google\/star\/f.svg\" alt=\"Google star 1\" width=\"17\" height=\"17\" loading=\"lazy\"><\/trustindex-image><trustindex-image class=\"ti-star\" data-imgurl=\"https:\/\/cdn.trustindex.io\/assets\/platform\/Google\/star\/f.svg\" alt=\"Google star 2\" width=\"17\" height=\"17\" loading=\"lazy\"><\/trustindex-image><trustindex-image class=\"ti-star\" data-imgurl=\"https:\/\/cdn.trustindex.io\/assets\/platform\/Google\/star\/f.svg\" alt=\"Google star 3\" width=\"17\" height=\"17\" loading=\"lazy\"><\/trustindex-image><trustindex-image class=\"ti-star\" data-imgurl=\"https:\/\/cdn.trustindex.io\/assets\/platform\/Google\/star\/f.svg\" alt=\"Google star 4\" width=\"17\" height=\"17\" loading=\"lazy\"><\/trustindex-image><trustindex-image class=\"ti-star\" data-imgurl=\"https:\/\/cdn.trustindex.io\/assets\/platform\/Google\/star\/f.svg\" alt=\"Google star 5\" width=\"17\" height=\"17\" loading=\"lazy\"><\/trustindex-image><\/span> <div class=\"ti-review-text-container ti-review-content\"><!-- R-CONTENT -->Molt amables. Surts amb sabates, segur!<!-- R-CONTENT --><\/div> <span class=\"ti-read-more\" data-container=\".ti-review-content\" data-collapse-text=\"Ocultar\" data-open-text=\"Leer m\u00e1s\"><\/span> <\/div> <\/div>  <div data-empty=\"0\" data-time=\"1630195200\" class=\"ti-review-item source-Google ti-image-layout-thumbnail\" data-id=\"cfcd208495d565ef66e7dff9f98764da\"> <div class=\"ti-inner\"> <div class=\"ti-review-header\"> <div class=\"ti-platform-icon ti-with-tooltip\"> <span class=\"ti-tooltip\">Publicado en <\/span> <trustindex-image data-imgurl=\"https:\/\/cdn.trustindex.io\/assets\/platform\/Google\/icon.svg\" alt=\"\" width=\"20\" height=\"20\" loading=\"lazy\"><\/trustindex-image> <\/div> <div class=\"ti-profile-img\"> <trustindex-image data-imgurl=\"https:\/\/lh3.googleusercontent.com\/a-\/ACB-R5SczsirOj1zvjSH_8rxUEqgQr1a-NlFdT_8vqZFBA=w40-h40-c-c-rp-w40-h40-mo-ba5-br100\" alt=\"Miqui Comerma Bertran profile picture\" loading=\"lazy\"><\/trustindex-image> <\/div> <div class=\"ti-profile-details\"> <div class=\"ti-name\"> Miqui Comerma Bertran <\/div> <div class=\"ti-date\"><\/div> <\/div> <\/div> <span class=\"ti-stars\"><trustindex-image class=\"ti-star\" data-imgurl=\"https:\/\/cdn.trustindex.io\/assets\/platform\/Google\/star\/f.svg\" alt=\"Google star 1\" width=\"17\" height=\"17\" loading=\"lazy\"><\/trustindex-image><trustindex-image class=\"ti-star\" data-imgurl=\"https:\/\/cdn.trustindex.io\/assets\/platform\/Google\/star\/f.svg\" alt=\"Google star 2\" width=\"17\" height=\"17\" loading=\"lazy\"><\/trustindex-image><trustindex-image class=\"ti-star\" data-imgurl=\"https:\/\/cdn.trustindex.io\/assets\/platform\/Google\/star\/f.svg\" alt=\"Google star 3\" width=\"17\" height=\"17\" loading=\"lazy\"><\/trustindex-image><trustindex-image class=\"ti-star\" data-imgurl=\"https:\/\/cdn.trustindex.io\/assets\/platform\/Google\/star\/f.svg\" alt=\"Google star 4\" width=\"17\" height=\"17\" loading=\"lazy\"><\/trustindex-image><trustindex-image class=\"ti-star\" data-imgurl=\"https:\/\/cdn.trustindex.io\/assets\/platform\/Google\/star\/f.svg\" alt=\"Google star 5\" width=\"17\" height=\"17\" loading=\"lazy\"><\/trustindex-image><\/span> <div class=\"ti-review-text-container ti-review-content\"><!-- R-CONTENT -->La millor sabateria d'Osona<!-- R-CONTENT --><\/div> <span class=\"ti-read-more\" data-container=\".ti-review-content\" data-collapse-text=\"Ocultar\" data-open-text=\"Leer m\u00e1s\"><\/span> <\/div> <\/div>  <\/div> <div class=\"ti-controls-line\"> <div class=\"dot\"><\/div> <\/div> <\/div> <div class=\"ti-footer\"> <div class=\"ti-rating-text\"> <span class=\"nowrap\">La evaluaci\u00f3n general en <strong>Google<\/strong> es <\/span><span class=\"nowrap\"><strong>4.5<\/strong> de 5, <\/span><span class=\"nowrap\">en base a <strong>22 rese\u00f1as<\/strong><\/span> <\/div> <\/div>   <\/div> <\/div> <\/template><\/pre><div data-src=\"https:\/\/cdn.trustindex.io\/loader.js?wp-widget\" data-template-id=\"trustindex-google-widget-html\" data-css-url=\"https:\/\/ginebrashoes.com\/wp-content\/uploads\/trustindex-google-widget.css?1776172832\"><\/div>\n<\/div><\/div>\n\n<\/div><\/div>","protected":false},"excerpt":{"rendered":"<p>O Opiniones Nos enorgullece recibir comentarios positivos que destacan la calidad de nuestros productos, la atenci\u00f3n al cliente y la experiencia de compra. Estas opiniones nos motivan a seguir ofreciendo lo mejor en moda femenina y a brindar un servicio excepcional. opiniones de nuestra clientas Una atenci\u00f3n muy buena por parte de las vendedoras y&#8230;<\/p>","protected":false},"author":3,"featured_media":1280,"parent":0,"menu_order":0,"comment_status":"closed","ping_status":"closed","template":"","meta":{"_kad_blocks_custom_css":"","_kad_blocks_head_custom_js":"","_kad_blocks_body_custom_js":"","_kad_blocks_footer_custom_js":"","_kadence_starter_templates_imported_post":true,"_kad_post_transparent":"","_kad_post_title":"","_kad_post_layout":"fullwidth","_kad_post_sidebar_id":"","_kad_post_content_style":"unboxed","_kad_post_vertical_padding":"","_kad_post_feature":"","_kad_post_feature_position":"","_kad_post_header":false,"_kad_post_footer":false,"_kad_post_classname":"","footnotes":""},"class_list":["post-1615","page","type-page","status-publish","has-post-thumbnail","hentry"],"taxonomy_info":[],"featured_image_src_large":["https:\/\/ginebrashoes.com\/wp-content\/uploads\/2022\/03\/About-Us-scaled-1-424x1024.jpeg",424,1024,true],"author_info":{"display_name":"Co Admin","author_link":"https:\/\/ginebrashoes.com\/ca\/author\/coadmin\/"},"comment_info":0,"_links":{"self":[{"href":"https:\/\/ginebrashoes.com\/ca\/wp-json\/wp\/v2\/pages\/1615","targetHints":{"allow":["GET"]}}],"collection":[{"href":"https:\/\/ginebrashoes.com\/ca\/wp-json\/wp\/v2\/pages"}],"about":[{"href":"https:\/\/ginebrashoes.com\/ca\/wp-json\/wp\/v2\/types\/page"}],"author":[{"embeddable":true,"href":"https:\/\/ginebrashoes.com\/ca\/wp-json\/wp\/v2\/users\/3"}],"replies":[{"embeddable":true,"href":"https:\/\/ginebrashoes.com\/ca\/wp-json\/wp\/v2\/comments?post=1615"}],"version-history":[{"count":4,"href":"https:\/\/ginebrashoes.com\/ca\/wp-json\/wp\/v2\/pages\/1615\/revisions"}],"predecessor-version":[{"id":1639,"href":"https:\/\/ginebrashoes.com\/ca\/wp-json\/wp\/v2\/pages\/1615\/revisions\/1639"}],"wp:featuredmedia":[{"embeddable":true,"href":"https:\/\/ginebrashoes.com\/ca\/wp-json\/wp\/v2\/media\/1280"}],"wp:attachment":[{"href":"https:\/\/ginebrashoes.com\/ca\/wp-json\/wp\/v2\/media?parent=1615"}],"curies":[{"name":"wp","href":"https:\/\/api.w.org\/{rel}","templated":true}]}}